{"id":13,"date":"2023-10-03T13:28:41","date_gmt":"2023-10-03T11:28:41","guid":{"rendered":"http:\/\/bioindes.pbf.hr\/?page_id=13"},"modified":"2024-10-03T09:40:01","modified_gmt":"2024-10-03T07:40:01","slug":"project-team","status":"publish","type":"page","link":"http:\/\/bioindes.pbf.hr\/?page_id=13","title":{"rendered":"Project Team"},"content":{"rendered":"\n<p>The BioInDES project brings together a dynamic collaboration between two leading academic institutions from Croatia and Slovenia: the University of Zagreb (UniZG PBF) and the University of Ljubljana (MERG), and the Croatian Veterinary Institute. This cross-border partnership aims to leverage the expertise of both teams in the field of biotechnology to develop innovative solutions.<\/p>\n\n\n\n<p><\/p>\n\n\n\n<p><\/p>\n\n\n\n<p><strong>UniZG PBF team:<\/strong><\/p>\n\n\n\n<p>The  UniZG PBF team is gathered from Laboratory for Cell Technology, Application and Biotransformation at The Faculty of Food Technology and Biotechnology at University of Zagreb. The team is oriented toward introducing green chemistry principles into food technology, biotechnology, and chemical technology. For the last 10 years their research is mainly focused on implementation of deep eutectic solvents (DESs) in (bio)chemical processes and extraction of biologically active compounds from plants. Through numerous international, bilateral and EU projects the group members gained skills in DESs preparation and characterization, DESs toxicity profiling, as well as fine tuning of DESs composition (experimentally and by using <em>in silico<\/em> methods) for biocatalytic production of various industrially relevant compounds (i.e. chiral alcohols, steroids, and \u03b2-ketoesters). The team has published\u00a0<a rel=\"noreferrer noopener\" href=\"https:\/\/apps.webofknowledge.com\/InboundService.do?SID=D5HrMauDT3dUD7WE62j&amp;Func=Links&amp;action=search&amp;mode=AuthorFinder&amp;product=WOS&amp;viewType=summary&amp;update_back2search_link_param=yes&amp;af_author=radojcic+*+OR+Redovnikavic+*+OR+radoj%C4%8Di%C4%87+redovnikovi%C4%87+*+OR+redovnikovic+*&amp;wql=AU%3D%28radojcic+*+OR+Redovnikavic+*+OR+radoj%C4%8Di%C4%87+redovnikovi%C4%87+*+OR+redovnikovic+*%29&amp;afModUrl=https%3A%2F%2Fwcs.webofknowledge.com%3A443%2FAF%2FauthorFinder.do%3FSID%3DD5HrMauDT3dUD7WE62j%26product%3DWOS%26modAF%3Dyes%26subSessionMode%3Dinternal&amp;fromSearchType=AuthorFinder\" target=\"_blank\">more than 25 scientific papers<\/a>\u00a0on DESs characterisation and implementation into biotechnological processes, whereby five of them are highly cited papers in the\u00a0<a rel=\"noreferrer noopener\" href=\"https:\/\/apps.webofknowledge.com\/Search.do?product=WOS&amp;SID=D5HrMauDT3dUD7WE62j&amp;search_mode=AuthorFinder&amp;prID=7b5d8bb5-24cf-460b-88cf-f7015b6b23d7\" target=\"_blank\">top 1% in the academic field.<\/a>\u00a0<\/p>\n\n\n\n<p>Assoc. prof. Marina Cvjetko Bubalo (principal investigator)<\/p>\n\n\n\n<p>Prof. Ivana Radoj\u010di\u0107 Redovnikovi\u0107<\/p>\n\n\n\n<p>Manuela Pani\u0107, PhD<\/p>\n\n\n\n<p>Marijan Logaru\u0161i\u0107, PhD<\/p>\n\n\n\n<p>Mia Radovi\u0107, mag. ing.<\/p>\n\n\n\n<p>Anja Damjanovi\u0107, mag. ing.<\/p>\n\n\n\n<p><\/p>\n\n\n\n<p><\/p>\n\n\n\n<p><strong>Croatian Veterinary Institute:<\/strong><\/p>\n\n\n\n<p>Ivana Varenjina, PhD (Croatian Veterinary Institute)<\/p>\n\n\n\n<p><\/p>\n\n\n\n<p><strong>MERG team:<\/strong><\/p>\n\n\n\n<p>Microprocess Engineering Research Group24 (MERG) established at the Chair of Chemical Process, Environmental and Biochemical Engineering of the Faculty of Chemistry and Chemical Technology of University of Ljubljana (UL FCCT) has extensive experience in the development of biocatalytic processes in microflow systems including biocatalyst immobilization, process integration and mathematical model-based process design. Among others, the group has been involved in EU FP7 MSCA ITN project EUROMBR- European network for innovative microbioreactor applications in bioprocess development, and in FP7 collaborative project BIOINTENSE &#8211; Mastering bioprocess integration and intensification across scales. Based on the H2020 ERA Chair project COMPETE coordinated by Prof. Dr. \u017dnidar\u0161i\u010d Plazl, a Chair of Microprocess Engineering and Technology \u2013 COMPETE centre25 was established at UL in 2019, which aims to capitalize on knowledge base and facilities of research groups from 5 UL faculties to expand microfluidics-based research and technology.<\/p>\n\n\n\n<p>Prof. Polona \u017dnidar\u0161i\u0107 Plazl (principal investigator)<\/p>\n\n\n\n<p>Prof. Igor Plazl<\/p>\n\n\n\n<p>Prof. Toma\u017e Urbi\u010d<\/p>\n\n\n\n<p>Prof. Janez Ko\u0161mrlj<\/p>\n\n\n\n<p>Mojca Seru\u010dnik, mag. ing.<\/p>\n\n\n\n<p>Assist. prof. Rok Ambro\u017ei\u010d<\/p>\n\n\n\n<p>Tadej Menegatti, mag. ing.<\/p>\n\n\n\n<p>Borut \u0160keta, mag. ing.<\/p>\n","protected":false},"excerpt":{"rendered":"<p>The BioInDES project brings together a dynamic collaboration between two [&hellip;]<\/p>\n","protected":false},"author":1,"featured_media":0,"parent":0,"menu_order":0,"comment_status":"closed","ping_status":"closed","template":"","meta":{"footnotes":""},"_links":{"self":[{"href":"http:\/\/bioindes.pbf.hr\/index.php?rest_route=\/wp\/v2\/pages\/13"}],"collection":[{"href":"http:\/\/bioindes.pbf.hr\/index.php?rest_route=\/wp\/v2\/pages"}],"about":[{"href":"http:\/\/bioindes.pbf.hr\/index.php?rest_route=\/wp\/v2\/types\/page"}],"author":[{"embeddable":true,"href":"http:\/\/bioindes.pbf.hr\/index.php?rest_route=\/wp\/v2\/users\/1"}],"replies":[{"embeddable":true,"href":"http:\/\/bioindes.pbf.hr\/index.php?rest_route=%2Fwp%2Fv2%2Fcomments&post=13"}],"version-history":[{"count":4,"href":"http:\/\/bioindes.pbf.hr\/index.php?rest_route=\/wp\/v2\/pages\/13\/revisions"}],"predecessor-version":[{"id":75,"href":"http:\/\/bioindes.pbf.hr\/index.php?rest_route=\/wp\/v2\/pages\/13\/revisions\/75"}],"wp:attachment":[{"href":"http:\/\/bioindes.pbf.hr\/index.php?rest_route=%2Fwp%2Fv2%2Fmedia&parent=13"}],"curies":[{"name":"wp","href":"https:\/\/api.w.org\/{rel}","templated":true}]}}