{"id":15,"date":"2023-10-03T13:28:41","date_gmt":"2023-10-03T11:28:41","guid":{"rendered":"http:\/\/bioindes.pbf.hr\/?page_id=15"},"modified":"2025-10-22T15:40:56","modified_gmt":"2025-10-22T13:40:56","slug":"dissemination","status":"publish","type":"page","link":"http:\/\/bioindes.pbf.hr\/?page_id=15","title":{"rendered":"Dissemination"},"content":{"rendered":"\n<p>&#8212;&#8212;&#8212;&#8212;&#8212;&#8212;&#8212;&#8212;&#8212;&#8212;&#8212;&#8212;&#8212;&#8212;&#8212;&#8212;&#8212;&#8212;&#8212;&#8212;&#8212;&#8212;&#8212;&#8212;&#8212;&#8212;&#8212;&#8212;&#8212;&#8212;&#8212;&#8212;&#8212;&#8212;&#8212;&#8212;&#8212;&#8212;&#8212;&#8212;&#8212;&#8212;&#8212;&#8212;&#8212;&#8212;&#8212;&#8212;&#8212;&#8212;&#8212;&#8212;&#8212;&#8212;&#8212;&#8212;&#8212;&#8212;&#8212;&#8212;&#8212;&#8212;&#8212;&#8212;&#8212;&#8212;&#8212;&#8212;&#8212;&#8212;&#8212;&#8212;&#8212;&#8212;&#8212;&#8212;&#8212;&#8212;&#8212;&#8212;&#8212;&#8212;&#8212;&#8212;&#8212;&#8212;&#8212;&#8212;&#8212;&#8212;&#8212;&#8212;&#8212;&#8212;&#8212;&#8212;&#8212;&#8212;&#8212;&#8212;&#8212;&#8212;&#8212;&#8212;&#8212;&#8212;&#8212;&#8212;&#8212;&#8212;-<\/p>\n\n\n\n<p class=\"has-text-align-center\"><strong>FINAL PROJECT MEETING<\/strong><\/p>\n\n\n\n<p class=\"has-text-align-center\"><em>July 7-8, 2025, Zagreb<\/em><\/p>\n\n\n\n<p><\/p>\n\n\n\n<p><\/p>\n\n\n\n<p><\/p>\n\n\n\n<p>The final project meeting was hosted and organized by the University of Zagreb Faculty of Food Technology and Biotechnology. This two-day meeting in Zagreb provided an opportunity for project team to present and discuss joint work and achievements within the <em>BioInDES<\/em> project. We also celebrated the successful PhD defense of one of our team members and organized a dedicated mini-symposium.<\/p>\n\n\n\n<p><\/p>\n\n\n\n<p><\/p>\n\n\n\n<p><strong>Agenda of the meeting:<\/strong><\/p>\n\n\n\n<p>Monday, July 7, 2025<\/p>\n\n\n\n<ul>\n<li>11:00 \u2013 PhD defense: Mia Radovi\u0107 (project team member)<\/li>\n\n\n\n<li>15:00 \u2013 Project meeting<\/li>\n\n\n\n<li>19:00 \u2013 Dinner <\/li>\n<\/ul>\n\n\n\n<p><\/p>\n\n\n\n<p><p class=\"MsoNormal\">Tuesday, July 8, 2025<\/p><li class=\"MsoNormal\" style=\"mso-list:l0 level1 lfo1;tab-stops:list .5in\"><span style=\"mso-fareast-font-family:&quot;Times New Roman&quot;\">10:00 \u2013 Mini-symposium:      Biocatalytic Process Intensification Using Deep Eutectic Solvents in      Microflow Systems for Sustainable Waste Valorization      <\/span><\/li><\/p>\n\n\n\n<figure class=\"wp-block-table\"><table><tbody><tr><td><strong>Time<\/strong><strong><\/strong><\/td><td><strong>Activity<\/strong><strong><\/strong><\/td><\/tr><tr><td><strong>09:45<\/strong><\/td><td><strong>Registration<\/strong><\/td><\/tr><tr><td><strong>10:00<\/strong><\/td><td><strong>Opening Remarks<\/strong> <em>Polona \u017dnidar\u0161i\u010d Plazl and Marina Cvjetko Bubalo<\/em><br>Welcome and introduction to the project aims and outcomes, and an overview of the symposium topics<\/td><\/tr><tr><td colspan=\"2\"><strong>Session I \u2013 Solvent Design in Biocatalysis<\/strong><strong><\/strong> Chair: Marina Cvjetko Bubalo<strong><\/strong><\/td><\/tr><tr><td><strong>10:15<\/strong><\/td><td><em>Rational design of deep eutectic solvents from natural metabolites: toward biocompatible media for enzyme-catalyzed reactions<\/em> (Anja Damjanovi\u0107)<\/td><\/tr><tr><td><strong>10:35<\/strong><\/td><td><em>Biocatalytic CO\u2082 conversion in deep eutectic solvents: toward sustainable solvent engineering<\/em> (Marijan Logaru\u0161i\u0107)<\/td><\/tr><tr><td><strong>10:55<\/strong><\/td><td><em>From lab to market: IP strategies for natural deep eutectic solvents innovation <\/em>(Manuela Pani\u0107)<\/td><\/tr><tr><td><strong>11:15<\/strong><\/td><td><em>Artificial neural networks in the rational design of DESs: promise and potential <\/em>(Ana Jurinjak Tu\u0161ek)<\/td><\/tr><tr><td><strong>11:35<\/strong><\/td><td><strong>Brunch \/ Networking Break<\/strong><\/td><\/tr><tr><td colspan=\"2\"><strong>Session II \u2013 Microflow Systems for Biocatalytic Process Intensification<\/strong><strong><\/strong> Chair: Polona \u017dnidar\u0161i\u010d Plazl<\/td><\/tr><tr><td><strong>12:30<\/strong><\/td><td><em>Self-assembled enzyme\u2013nanoparticle structure for transamination<\/em> (Borut \u0160keta)<\/td><\/tr><tr><td><strong>12:50<\/strong><\/td><td><em>DES-modulated hydrogels and nano-CLEAs in microreactors for advanced biocatalysis <\/em>(Tadej Menegatti)<\/td><\/tr><tr><td><strong>13:10<\/strong><\/td><td><em>Sustainable synthesis of furfurylamine in a magnetic field-assisted microfluidic Reactor <\/em>(Marko Bo\u017einovi\u0107)<\/td><\/tr><tr><td><strong>13:30<\/strong><\/td><td><em>Microfluidic pervaporation unit and mathematical modeling for downstream intensification <\/em>(Igor Plazl)<\/td><\/tr><tr><td><strong>13:45<\/strong><\/td><td><strong>Discussion and Final Remarks<\/strong> <br>Open floor for questions and discussion, closing comments by the organizers<\/td><\/tr><\/tbody><\/table><\/figure>\n\n\n\n<p><\/p>\n\n\n\n<p><strong><mark style=\"background-color:rgba(0, 0, 0, 0)\" class=\"has-inline-color has-vivid-green-cyan-color\">The mini-symposium Book of abstracts is available here:<\/mark><\/strong><\/p>\n\n\n\n<div class=\"wp-block-file\"><object class=\"wp-block-file__embed\" data=\"http:\/\/bioindes.pbf.hr\/wp-content\/uploads\/2025\/07\/Book-of-abstracts_BioInDES2025-1.pdf\" type=\"application\/pdf\" style=\"width:100%;height:600px\" aria-label=\"Ugra\u0111eno Book-of-abstracts_BioInDES2025-1.\"><\/object><a id=\"wp-block-file--media-828a5927-1a47-45c3-a447-a1f0501650b7\" href=\"http:\/\/bioindes.pbf.hr\/wp-content\/uploads\/2025\/07\/Book-of-abstracts_BioInDES2025-1.pdf\">Book-of-abstracts_BioInDES2025-1<\/a><a href=\"http:\/\/bioindes.pbf.hr\/wp-content\/uploads\/2025\/07\/Book-of-abstracts_BioInDES2025-1.pdf\" class=\"wp-block-file__button wp-element-button\" download aria-describedby=\"wp-block-file--media-828a5927-1a47-45c3-a447-a1f0501650b7\">Preuzmi<\/a><\/div>\n\n\n\n<p>&#8212;&#8212;&#8212;&#8212;&#8212;&#8212;&#8212;&#8212;&#8212;&#8212;&#8212;&#8212;&#8212;&#8212;&#8212;&#8212;&#8212;&#8212;&#8212;&#8212;&#8212;&#8212;&#8212;&#8212;&#8212;&#8212;&#8212;&#8212;&#8212;&#8212;&#8212;&#8212;&#8212;&#8212;&#8212;&#8212;&#8212;&#8212;&#8212;&#8212;&#8212;&#8212;&#8212;&#8212;&#8212;&#8212;&#8212;&#8212;&#8212;&#8212;&#8212;&#8212;&#8212;&#8212;&#8212;&#8212;&#8212;&#8212;&#8212;&#8212;&#8212;&#8212;&#8212;&#8212;&#8212;&#8212;&#8212;&#8212;&#8212;&#8212;&#8212;&#8212;&#8212;&#8212;&#8212;&#8212;&#8212;&#8212;&#8212;&#8212;&#8212;&#8212;&#8212;&#8212;&#8212;&#8212;&#8212;&#8212;&#8212;&#8212;&#8212;&#8212;&#8212;&#8212;&#8212;&#8212;&#8212;&#8212;&#8212;&#8212;&#8212;&#8212;&#8212;&#8212;&#8212;&#8212;&#8212;&#8212;&#8212;&#8212;-<\/p>\n\n\n\n<p><\/p>\n\n\n\n<p class=\"has-text-align-center\"><strong>Attendance at international scientific meetings<\/strong><\/p>\n\n\n\n<p><\/p>\n\n\n\n<div class=\"wp-block-group is-vertical is-content-justification-stretch is-nowrap is-layout-flex wp-container-1 wp-block-group-is-layout-flex\">\n<ul>\n<li>Marko Rogo\u0161i\u0107, Anja Damjanovi\u0107, Marina Cvjetko Bubalo, Tomislava Vuku\u0161i\u0107 Pavi\u010di\u0107, Vi\u0161nja Stuli\u0107, Mia Ivanov (2023) Determining solid liquid equilibria in some systems comprising common osmolytes by differential scanning calorimetry, 28th Croatian Meeting of Chemists and Chemical Engineers, Rovinj, Hrvatska<br><\/li>\n\n\n\n<li>Marina Cvjetko Bubalo, Thanos Andreou, Mia Radovi\u0107, Manuela Pani\u0107, Anja Damjanovi\u0107, Kristina Rado\u0161evi\u0107, Ivana Radoj\u010di\u0107 Redovnikovi\u0107 (2023) Mimicking nature: design, preparation and applications of bioinspired deep eutectic solvents, 3<sup>rd<\/sup> International Meeting on Deep Eutectic Systems, Lisabon, Portugal <br><\/li>\n\n\n\n<li>Mia Radovi\u0107, Lucija Hok, Manuela Pani\u0107, Marina Cvjetko Bubalo, Robert Vianello, Ivana Radoj\u010di\u0107 Redovnikovi\u0107 (2023) Stabilising nicotinamide cofactors in deep eutectic solvents, 3<sup>rd<\/sup> International Meeting on Deep Eutectic Systems, Lisabon, Portugal <br><\/li>\n\n\n\n<li>Mia Radovi\u0107, Wolfgang Kroutil, Tamara Reiter, Ivana Radoj\u010di\u0107 Redovnikovi\u0107, Marina Cvjetko Bubalo (2023) In search of the perfect environment: The quest to maximize macromolecule stability, Biotrans, La Rochelle, Francuska<br><\/li>\n\n\n\n<li>Mia Radovi\u0107 (2023) U potrazi za idealnim otapalom: kako maksimizirati stabilnost makromolekula, Dani doktorata biotehni\u010dkog podru\u010dja, Zagreb, Hrvatska <br><\/li>\n\n\n\n<li>Marina Cvjetko Bubalo, Thanos Andreou, Anja Damjanovi\u0107, Manuela Pani\u0107, Mia Radovi\u0107, Kristina Rado\u0161evi\u0107, Ivana Radoj\u010di\u0107 Redovnikovi\u0107 (2023) Osmolytes-based Deep Eutectic Solvents: Innovative Systems for Stabilization of Biomolecules, European Biotechnology Congress, Ljubljana, Slovenija <br><\/li>\n\n\n\n<li>Ivana Radoj\u010di\u0107 Redovnikovi\u0107, Marina Cvjetko Bubalo, Mia Radovi\u0107, Manuela Pani\u0107, Anja Damjanovi\u0107, Kristina Rado\u0161evi\u0107 &nbsp;(2023) Enhancing Compound Stability Using Natural Deep Eutectic Solvents: A Stabilization Study, European Biotechnology Congress, Ljubljana, Slovenija <br><\/li>\n\n\n\n<li>Marijan Logaru\u0161i\u0107, Mia Radovi\u0107, Ivana Radoj\u010di\u0107 Redovnikovi\u0107, Marina Cvjetko Bubalo (2024) Bioinspired Solvents: Deep Eutectic Solvents Based On Osmolytes For Stabilization Of Enzymes, XV. susret mladih kemijskih in\u017eenjera, Zagreb, Hrvatska<br><\/li>\n\n\n\n<li>Mia Radovi\u0107, Tadej Menegatti, Borut \u0160keta, Marko Bo\u017einovi\u0107, Marina Cvjetko Bubalo, Igor Plazl, Polona \u017dnidar\u0161i\u010d-Plazl (2024) Enzymatic Acetophenone Reduction in Deep Eutectic Solvent: Transitioning from Batch to Continuous System, 7<sup>th<\/sup>&nbsp;International Conference Implementation Of Microreactor Technology In Biotechnology, Zadar, Hrvatska<\/li>\n<\/ul>\n\n\n\n<ul>\n<li>Marina Cvjetko Bubalo, Marijan Logaru\u0161i\u0107, Mia Radovi\u0107, Anja Damjanovi\u0107, Ivana Radoj\u010di\u0107 Redovnikovi\u0107 (2024) Enzymes In Deep Eutectic Solvents: Balancing Enzyme Activity And Stability, Trondheim, Norve\u0161ka<\/li>\n<\/ul>\n\n\n\n<ul>\n<li>Marina Cvjetko Bubalo (2024) Enhancing enzyme stability in deep eutectic solvents: Innovative approaches to biocatalysis, 20th Anniversary of Pharmaceuticals &#8211; Green Techniques for Organic and Organometallic\/Coordination Synthesis and Medicinal Chemistry, MDPI webinar<br><\/li>\n\n\n\n<li>Ivana Radoj\u010di\u0107 Redovnikovi\u0107 (2024) Rational Design of Natural Deep Eutectic Solvents for Life Science Applications, Biotechnology: Research and Industrial Applications, Wroc\u0142aw, Poljska<\/li>\n<\/ul>\n\n\n\n<ul>\n<li>Anja Damjanovi\u0107, Marijan Logaru\u0161i\u0107, Lidija-Marija Tumir, Marina Cvjetko Bubalo, IvanaRadoj\u010di\u0107 Redovnikovi\u0107 (2024) Enhancing lysozyme stability with osmolyte-based deepeutectic solvents under heat and cold shock, 2nd Edition of the e-Congress by the European Society of Applied Biocatalysis<\/li>\n<\/ul>\n\n\n\n<ul>\n<li>Mia Radovi\u0107, Marina Cvjetko Bubalo, Polona \u017dnidar\u0161i\u010d Plazl (2024) Customizing a microreactor for continuous biocatalysis: enzymatic acetophenone reduction in a deep eutectic solvent, 5th International Scientific &amp; Expert Conference Natural Resources, Green Technology &amp; Sustainable Development \u2013 GREEN2024, Zagreb, Hrvatska<\/li>\n<\/ul>\n\n\n\n<ul>\n<li>Marina Cvjetko Bubalo (2025) Deep eutectic systems as stabilization media for biomolecules: insights from case studies and computational design, 4th International Meeting on Deep Eutectic Systems \u2013 IMDES 2025, Lisabon, Portugal<\/li>\n<\/ul>\n\n\n\n<ul>\n<li>Anja Damjanovi\u0107, Martina Bagovi\u0107 Koli\u0107, Maria-Anna Karadendrou, Anastasia Detsi, Ivana Radoj\u010di\u0107 Redovnikovi\u0107, Marina Cvjetko Bubalo (2025) Protein stability in eutectic systems: the role of eutectogels, 4th International Meeting on Deep Eutectic Systems \u2013 IMDES 2025, Lisabon, Portugal <\/li>\n<\/ul>\n\n\n\n<ul>\n<li>Marina Cvjetko Bubalo (2025) The synergy of deep eutectic solvents and biocatalysis: a new sustainable tool for chemical processes, 2nd Workshop on Sustainable Chemistry, Murcia, \u0160panjolska <\/li>\n<\/ul>\n\n\n\n<ul>\n<li>Matija Cepanec, Anja Damjanovi\u0107, Marijan Logaru\u0161i\u0107, Marina Cvjetko Bubalo, Marko Rogo\u0161i\u0107 (2025) Prediction and correlation of water activity using the COSMO-RS, Wilson and Redlich\u2013Kister models in deep eutectic solvent (DES) systems, 29th Croatian Meeting of Chemists and Chemical Engineers, Split, Hrvatska <\/li>\n<\/ul>\n\n\n\n<ul>\n<li>Marijan Logaru\u0161i\u0107, Ana Jurinjak Tu\u0161ek, Anja Damjanovi\u0107, Mia Radovi\u0107, Ivana Radoj\u010di\u0107 Redovnikovi\u0107, Polona \u017dnidar\u0161i\u010d Plazl, Marina Cvjetko Bubalo (2025) Biocatalytic CO2 conversion in deep eutectic solvents : toward sustainable solvent engineering, Mini-symposium Biocatalytic process intensification using deep eutectic solvents in microflow systems for sustainable waste valorisation, Zagreb, Hrvatska<\/li>\n<\/ul>\n\n\n\n<ul>\n<li>Anja Damjanovi\u0107, Marijan Logaru\u0161i\u0107, Lidija-Marija Tumir, Ana Jurinjak Tu\u0161ek, Marina Cvjetko Bubalo, Ivana Radoj\u010di\u0107 Redovnikovi\u0107 (2025) Rational design of deep eutectic solvents from natural metabolites: toward biocompatible media for enzyme-catalyzed reactions, Mini-symposium Biocatalytic process intensification using deep eutectic solvents in microflow systems for sustainable waste valorisation, Zagreb, Hrvatska<\/li>\n<\/ul>\n\n\n\n<ul>\n<li>Manuela Pani\u0107, Martina \u017deleznjak, Kristina Rado\u0161evi\u0107, Marina Cvjetko Bubalo, Vi\u0161nja Gaurina Sr\u010dek, Ivana Radoj\u010di\u0107 Redovnikovi\u0107 (2025) From lab to market: ip strategies for natural deep eutectic solvents innovation, Mini-symposium Biocatalytic process intensification using deep eutectic in microflow systems for sustainable waste valorisation, Zagreb, Hrvatska <\/li>\n<\/ul>\n<\/div>\n","protected":false},"excerpt":{"rendered":"<p>&#8212;&#8212;&#8212;&#8212;&#8212;&#8212;&#8212;&#8212;&#8212;&#8212;&#8212;&#8212;&#8212;&#8212;&#8212;&#8212;&#8212;&#8212;&#8212;&#8212;&#8212;&#8212;&#8212;&#8212;&#8212;&#8212;&#8212;&#8212;&#8212;&#8212;&#8212;&#8212;&#8212;&#8212;&#8212;&#8212;&#8212;&#8212;&#8212;&#8212;&#8212;&#8212;&#8212;&#8212;&#8212;&#8212;&#8212;&#8212;&#8212;&#8212;&#8212;&#8212;&#8212;&#8212;&#8212;&#8212;&#8212;&#8212;&#8212;&#8212;&#8212;&#8212;&#8212;&#8212;&#8212;&#8212;&#8212;&#8212;&#8212;&#8212;&#8212;&#8212;&#8212;&#8212;&#8212;&#8212;&#8212;&#8212;&#8212;&#8212;&#8212;&#8212;&#8212;&#8212;&#8212;&#8212;&#8212;&#8212;&#8212;&#8212;&#8212;&#8212;&#8212;&#8212;&#8212;&#8212;&#8212;&#8212;&#8212;&#8212;&#8212;&#8212;&#8212;&#8212;&#8212;&#8212;&#8212;&#8212;&#8212;&#8212;- FINAL PROJECT MEETING July 7-8, 2025, Zagreb The final [&hellip;]<\/p>\n","protected":false},"author":1,"featured_media":0,"parent":0,"menu_order":0,"comment_status":"closed","ping_status":"closed","template":"","meta":{"footnotes":""},"_links":{"self":[{"href":"http:\/\/bioindes.pbf.hr\/index.php?rest_route=\/wp\/v2\/pages\/15"}],"collection":[{"href":"http:\/\/bioindes.pbf.hr\/index.php?rest_route=\/wp\/v2\/pages"}],"about":[{"href":"http:\/\/bioindes.pbf.hr\/index.php?rest_route=\/wp\/v2\/types\/page"}],"author":[{"embeddable":true,"href":"http:\/\/bioindes.pbf.hr\/index.php?rest_route=\/wp\/v2\/users\/1"}],"replies":[{"embeddable":true,"href":"http:\/\/bioindes.pbf.hr\/index.php?rest_route=%2Fwp%2Fv2%2Fcomments&post=15"}],"version-history":[{"count":32,"href":"http:\/\/bioindes.pbf.hr\/index.php?rest_route=\/wp\/v2\/pages\/15\/revisions"}],"predecessor-version":[{"id":133,"href":"http:\/\/bioindes.pbf.hr\/index.php?rest_route=\/wp\/v2\/pages\/15\/revisions\/133"}],"wp:attachment":[{"href":"http:\/\/bioindes.pbf.hr\/index.php?rest_route=%2Fwp%2Fv2%2Fmedia&parent=15"}],"curies":[{"name":"wp","href":"https:\/\/api.w.org\/{rel}","templated":true}]}}