{"id":64,"date":"2024-09-17T10:02:41","date_gmt":"2024-09-17T08:02:41","guid":{"rendered":"http:\/\/bioindes.pbf.hr\/?page_id=64"},"modified":"2026-04-30T11:40:53","modified_gmt":"2026-04-30T09:40:53","slug":"publications","status":"publish","type":"page","link":"http:\/\/bioindes.pbf.hr\/?page_id=64","title":{"rendered":"Publications"},"content":{"rendered":"\n<ul>\n<li>Anastasia Kyriakoudi, Ivana Radoj\u010di\u0107 Redovnikovi\u0107, Senka Vidovi\u0107, Kristina Rado\u0161evi\u0107, Thanos Andreou, Ioannis Mourtzinos, Marina Cvjetko Bubalo (2024) Coupling deep eutectic solvents with innovative extraction techniques towards plant derived bioactive compositions. RSC Sustainability 2, 1675-1691. <a href=\"https:\/\/doi.org\/10.1039\/D4SU00111G\"><\/a><a href=\"https:\/\/doi.org\/10.1039\/D4SU00111G\">https:\/\/doi.org\/10.1039\/D4SU00111G<\/a><\/li>\n\n\n\n<li>Anja Damjanovi\u0107, Marijan Logaru\u0161i\u0107, Lidija-Marija Tumir, Thanos Andreou, Marina Cvjetko Bubalo, Ivana Radoj\u010di\u0107, Redovnikovi\u0107 (2024) Enhancing protein stability under stress: osmolyte-based deep eutectic solvents as a biocompatible and robust stabilizing medium for lysozyme under heat and cold shock. Physical Chemistry Chemical Physics 26, 21040-21051. <a href=\"https:\/\/doi.org\/10.1039\/D4CP02275K\">https:\/\/doi.org\/10.1039\/D4CP02275K<\/a><\/li>\n\n\n\n<li>Mia Radovi\u0107, Ana Jurinjak Tu\u0161ek, Tamara Reiter, Wolfgang Kroutil, Marina Cvjetko Bubalo, Ivana Radoj\u010di\u0107 Redovnikovi\u0107 (2024) Rational design of deep eutectic solvents for the stabilization of dehydrogenases: an artificial neural network prediction approach. Frontiers in Chemistry, 12. <a href=\"https:\/\/doi.org\/10.3389\/fchem.2024.1436049\">https:\/\/doi.org\/10.3389\/fchem.2024.1436049<\/a><\/li>\n\n\n\n<li>Marko Rogo\u0161i\u0107, Anja Damjanovi\u0107, Marijan Logaru\u0161i\u0107, Tomislava Vuku\u0161i\u0107 Pavi\u010di\u0107, Nikola Bili\u0161kov, Marina Cvjetko Bubalo (2024) Solid-liquid phase behaviour of novel kosmotrope\/chaotrope binary mixtures involving sarcosine. Journal of Molecular Liquids 413, 125944. <a rel=\"noreferrer noopener\" href=\"https:\/\/doi.org\/10.1016\/j.molliq.2024.125944\" target=\"_blank\">https:\/\/doi.org\/10.1016\/j.molliq.2024.125944<\/a><\/li>\n\n\n\n<li>Logaru\u0161i\u0107, Marijan; \u0160ubar, Karla; Nikoli\u0107, Maja; Jurinjak Tu\u0161ek, Ana; Damjanovi\u0107, Anja; Radovi\u0107, Mia; Radoj\u010di\u0107 Redovnikovi\u0107, Ivana; \u017dnidar\u0161i\u010d-Plazl, Polona; Kroutil, Wolfgang; Cvjetko Bubalo, Marina (2024) Harnessing the potential of deep eutectic solvents in biocatalysis: design strategies using CO2 to formate reduction as a case study. Frontiers in Chemistry, 12, <a href=\"https:\/\/doi.org\/10.3389\/fchem.2024.1467810\">https:\/\/doi.org\/10.3389\/fchem.2024.1467810<\/a><\/li>\n\n\n\n<li>Martina Bagovi\u0107 Koli\u0107, Martina \u017deleznjak, Ksenija Markov, Marina Cvjetko Bubalo, Kristina Rado\u0161evi\u0107,  Vi\u0161nja Gaurina Sr\u010dek, Ivana Radoj\u010di\u0107 Redovnikovi\u0107 (2025) Physicochemical and Biological Properties of Menthol and Thymol-Based Natural Deep Eutectic Solvents. Molecules 2025, 30, 1713. <a href=\"https:\/\/doi.org\/10.3390\/molecules30081713\">https:\/\/doi.org\/10.3390\/molecules30081713<\/a><\/li>\n\n\n\n<li>Bekavac, Nik\u0161a; Radovi\u0107, Mia; Jurinjak Tu\u0161ek, Ana; Cvjetko Bubalo, Marina; Zeli\u0107, Bruno; \u0160ali\u0107, Anita. Smart design of deep eutectic solvent-based aqueous two-phase systems for efficient lipase extraction. Chemical engineering journal, 521 (2025), 166384, 17. <a rel=\"noreferrer noopener\" href=\"https:\/\/doi.org\/10.1016\/j.cej.2025.166384\" target=\"_blank\">https:\/\/doi.org\/10.1016\/j.cej.2025.166384<\/a><\/li>\n\n\n\n<li>Damjanovi\u0107, Anja; Weitner, Tin; Logaru\u0161i\u0107, Marijan; Andreou, Thanos; Jurinjak Tu\u0161ek, Ana; Cvjetko Bubalo, Marina; Radovi\u0107, Mia; Ukalovi\u0107, Nika; Radoj\u010di\u0107 Redovnikovi\u0107, Ivana. Design of protein-stabilizing deep eutectic solvents: a combined experimental and computational approach. Journal of Molecular Liquids, 436 (2025); 128259. <a rel=\"noreferrer noopener\" href=\"https:\/\/doi.org\/10.1016\/j.molliq.2025.128259\" target=\"_blank\">https:\/\/doi.org\/10.1016\/j.molliq.2025.128259<\/a><\/li>\n\n\n\n<li>Karaula, Ivana; Vasung, Emma; Damjanovi\u0107, Anja; Pani\u0107, Manuela; Radovi\u0107, Mia; Rado\u0161evi\u0107, Kristina; Bagovi\u0107 Koli\u0107; Martina; Cvjetko Bubalo, Marina; Radoj\u010di\u0107 Redovnikovi\u0107, Ivana. Formulation of Ready-to-Use Broccoli Extracts Rich in Polyphenols and Glucosinolates Using Natural Deep Eutectic Solvents. Molecules, 29 (2024), 23; 5794-5794. <a href=\"https:\/\/doi.org\/10.3390\/molecules29235794\">https:\/\/doi.org\/10.3390\/molecules29235794<\/a><\/li>\n\n\n\n<li>Menegatti, Tadej; Lavri\u010d, \u017dan; Hlebanja, \u017dnidar\u0161i\u010d-Plazl, Polona. Microfluidics-based generation and immobilization of nanoscale cross-linked enzyme aggregates for continuous transamination. Chemical Engineering Journal, 523 (2025); 168865. <a rel=\"noreferrer noopener\" href=\"https:\/\/doi.org\/10.1016\/j.cej.2025.168865\" target=\"_blank\">https:\/\/doi.org\/10.1016\/j.cej.2025.168865<\/a><\/li>\n\n\n\n<li>Bo\u017einovi\u0107, Marko; Jereb, Marjan; \u0160keta, Borut; Gaber, Alja\u017e; Seru\u010dnik, Mojca; Ko\u0161mrlj, Janez; \u017dnidar\u0161i\u010d-Plazl, Polona. Development of Sustainable Biocatalytic Furfurylamine Production in a Magnetic Field-Assisted Microfluidic Reactor. ACS Sustainable Chemistry &amp; Engineering, 13 (2025); 15887-15896. <a href=\"https:\/\/doi.org\/10.1021\/acssuschemeng.5c04752\">https:\/\/doi.org\/10.1021\/acssuschemeng.5c04752<\/a><\/li>\n\n\n\n<li>Poto\u010dnik, Helena; \u0160migoc, Yannick; Plazl, Igor; \u017dnidar\u0161i\u010d Plazl, Polona; Ambro\u017ei\u010d, Rok. Model-based design of a microfluidic pervaporation device for intensified VOC separation. Separation and Purification Technology, 378 (2025) 134795. <a rel=\"noreferrer noopener\" href=\"https:\/\/doi.org\/10.1016\/j.seppur.2025.134795\" target=\"_blank\">https:\/\/doi.org\/10.1016\/j.seppur.2025.134795<\/a><\/li>\n\n\n\n<li>Menegatti, Tadej; Kopa\u010d, Tilen; \u017dnidar\u0161i\u010d-Plazl, Polona. Tuning Mechanical Characteristics and Permeability of Alginate Hydrogel by Polyvinyl Alcohol and Deep Eutectic Solvent Addition. Bioengineering (2024); 12;11(4):371. https:\/\/doi.org\/10.3390\/bioengineering11040371 <\/li>\n<\/ul>\n","protected":false},"excerpt":{"rendered":"","protected":false},"author":1,"featured_media":0,"parent":0,"menu_order":0,"comment_status":"closed","ping_status":"closed","template":"","meta":{"footnotes":""},"_links":{"self":[{"href":"http:\/\/bioindes.pbf.hr\/index.php?rest_route=\/wp\/v2\/pages\/64"}],"collection":[{"href":"http:\/\/bioindes.pbf.hr\/index.php?rest_route=\/wp\/v2\/pages"}],"about":[{"href":"http:\/\/bioindes.pbf.hr\/index.php?rest_route=\/wp\/v2\/types\/page"}],"author":[{"embeddable":true,"href":"http:\/\/bioindes.pbf.hr\/index.php?rest_route=\/wp\/v2\/users\/1"}],"replies":[{"embeddable":true,"href":"http:\/\/bioindes.pbf.hr\/index.php?rest_route=%2Fwp%2Fv2%2Fcomments&post=64"}],"version-history":[{"count":6,"href":"http:\/\/bioindes.pbf.hr\/index.php?rest_route=\/wp\/v2\/pages\/64\/revisions"}],"predecessor-version":[{"id":138,"href":"http:\/\/bioindes.pbf.hr\/index.php?rest_route=\/wp\/v2\/pages\/64\/revisions\/138"}],"wp:attachment":[{"href":"http:\/\/bioindes.pbf.hr\/index.php?rest_route=%2Fwp%2Fv2%2Fmedia&parent=64"}],"curies":[{"name":"wp","href":"https:\/\/api.w.org\/{rel}","templated":true}]}}